{"id":452,"date":"2019-10-26T12:32:04","date_gmt":"2019-10-26T12:32:04","guid":{"rendered":"http:\/\/www.dmd-ms.com\/?page_id=452"},"modified":"2019-11-18T21:53:03","modified_gmt":"2019-11-18T21:53:03","slug":"dokumentation","status":"publish","type":"page","link":"http:\/\/www.dmd-ms.com\/yu\/dokumentation\/","title":{"rendered":"Tehni\u010dka dokumetacija"},"content":{"rendered":"<section class=\"wpb_row vc_row-fluid\"><div class=\"container\"><div class=\"row\"><div class=\"wpb_column vc_column_container vc_col-sm-12\"><div class=\"vc_column-inner\"><div class=\"wpb_wrapper\"  ><div class=\"vc_empty_space\"   style=\"height: 100px\"><span class=\"vc_empty_space_inner\"><\/span><\/div>\n\t<!-- Element: OT Heading --> \t \n\t<h2 class=\"ot_custom_heading\" style=\"text-align: center;\" >RAZRADA TEHNI\u010cKE DOKUMENTACIJE<\/h2>\t\n\t<!-- Element: OT Line solid --> \t \n\t<div class=\"separator separator-bold\"><span><i class=\"fa fa-gear\"><\/i><\/span><\/div>\n\t<div class=\"spacer-single\"><\/div>\t      \n<\/div><\/div><\/div><\/div><\/div><\/section><section class=\"wpb_row vc_row-fluid vc_custom_1556006288868\"><div class=\"container\"><div class=\"row\"><div class=\"wpb_column vc_column_container vc_col-sm-4\"><div class=\"vc_column-inner\"><div class=\"wpb_wrapper\"  >\n\t<div  class=\"wpb_single_image wpb_content_element vc_align_left  vc_custom_1572093898639\">\n\t\t\n\t\t<figure class=\"wpb_wrapper vc_figure\">\n\t\t\t<div class=\"vc_single_image-wrapper   vc_box_border_grey\"><img loading=\"lazy\" decoding=\"async\" width=\"300\" height=\"225\" src=\"http:\/\/www.dmd-ms.com\/wp-content\/uploads\/2019\/10\/0-11.jpg\" class=\"vc_single_image-img attachment-full\" alt=\"\" title=\"\" \/><\/div>\n\t\t<\/figure>\n\t<\/div>\n<div class=\"vc_empty_space\"   style=\"height: 32px\"><span class=\"vc_empty_space_inner\"><\/span><\/div><\/div><\/div><\/div><div class=\"wpb_column vc_column_container vc_col-sm-4\"><div class=\"vc_column-inner\"><div class=\"wpb_wrapper\"  >\n\t<div  class=\"wpb_single_image wpb_content_element vc_align_left  vc_custom_1572093968915\">\n\t\t\n\t\t<figure class=\"wpb_wrapper vc_figure\">\n\t\t\t<div class=\"vc_single_image-wrapper   vc_box_border_grey\"><img loading=\"lazy\" decoding=\"async\" width=\"300\" height=\"225\" src=\"http:\/\/www.dmd-ms.com\/wp-content\/uploads\/2019\/10\/1-2.jpg\" class=\"vc_single_image-img attachment-full\" alt=\"\" title=\"\" \/><\/div>\n\t\t<\/figure>\n\t<\/div>\n<div class=\"vc_empty_space\"   style=\"height: 32px\"><span class=\"vc_empty_space_inner\"><\/span><\/div><\/div><\/div><\/div><div class=\"wpb_column vc_column_container vc_col-sm-4\"><div class=\"vc_column-inner\"><div class=\"wpb_wrapper\"  >\n\t<div  class=\"wpb_single_image wpb_content_element vc_align_left  vc_custom_1572093927364\">\n\t\t\n\t\t<figure class=\"wpb_wrapper vc_figure\">\n\t\t\t<div class=\"vc_single_image-wrapper   vc_box_border_grey\"><img loading=\"lazy\" decoding=\"async\" width=\"300\" height=\"225\" src=\"http:\/\/www.dmd-ms.com\/wp-content\/uploads\/2019\/10\/2-2.jpg\" class=\"vc_single_image-img attachment-full\" alt=\"\" title=\"\" \/><\/div>\n\t\t<\/figure>\n\t<\/div>\n<div class=\"vc_empty_space\"   style=\"height: 32px\"><span class=\"vc_empty_space_inner\"><\/span><\/div><\/div><\/div><\/div><\/div><\/div><\/section><section class=\"wpb_row vc_row-fluid side-bg\"><div class=\"image-container hidden-xs\"><div class=\"background-image\" style=\"background-image: url();\"><\/div><\/div><img decoding=\"async\" class=\"visible-xs img-responsive\" src=\"\"\/><div class=\"container\"><div class=\"row\"><div class=\"inner-padding clearfix\"><div class=\"wpb_column vc_column_container vc_col-sm-6\"><div class=\"vc_column-inner\"><div class=\"wpb_wrapper\"  >\n\t<div class=\"wpb_text_column wpb_content_element\" >\n\t\t<div class=\"wpb_wrapper\">\n\t\t\t<p align=\"justify\">U oblasti tehni\u010dke dokumentacije nudimo izradu tehni\u010dkih crte\u017ea od djelova do sklopova, konverziju skica ili crte\u017ea na papiru u elektronsku formu, izradu crte\u017ea u 3D CAD modelima. Tehni\u010dki crte\u017ei su napravljeni u standardnim CAD formatima. Izrada 3D modela djelova i sklopova razli\u010ditih ma\u0161inskih projekata na osnovu postojec\u0301ih skica ili crte\u017ea, kao i razvoj i konstrukcija proizvoda u skladu sa zahtjevima kupca i njihove vizuelizacije u 3D prostoru.<\/p>\n\n\t\t<\/div>\n\t<\/div>\n<\/div><\/div><\/div><div class=\"wpb_column vc_column_container vc_col-sm-6\"><div class=\"vc_column-inner\"><div class=\"wpb_wrapper\"  >\n\t<div  class=\"wpb_single_image wpb_content_element vc_align_left\">\n\t\t\n\t\t<figure class=\"wpb_wrapper vc_figure\">\n\t\t\t<div class=\"vc_single_image-wrapper   vc_box_border_grey\"><img loading=\"lazy\" decoding=\"async\" class=\"vc_single_image-img\" src=\"http:\/\/www.dmd-ms.com\/wp-content\/uploads\/2019\/10\/0-10-500x295.jpg\" width=\"500\" height=\"295\" alt=\"\" title=\"\" \/><\/div>\n\t\t<\/figure>\n\t<\/div>\n<\/div><\/div><\/div><\/div><\/div><\/div><\/section><section class=\"wpb_row vc_row-fluid\"><div class=\"container\"><div class=\"row\"><div class=\"wpb_column vc_column_container vc_col-sm-12\"><div class=\"vc_column-inner\"><div class=\"wpb_wrapper\"  ><div class=\"vc_empty_space\"   style=\"height: 32px\"><span class=\"vc_empty_space_inner\"><\/span><\/div><\/div><\/div><\/div><\/div><\/div><\/section><section class=\"wpb_row vc_row-fluid call-to-action bg-color text-light vc_custom_1557733260198\"><div class=\"container\"><div class=\"row\"><div class=\"wpb_column vc_column_container vc_col-sm-8\"><div class=\"vc_column-inner\"><div class=\"wpb_wrapper\"  >\n\t<!-- Element: OT Heading --> \t \n\t<h3 class=\"ot_custom_heading mt20\" style=\"\" >DA LI SMO VAS ZAINTERESOVALI?<\/h3>\t\n<\/div><\/div><\/div><div class=\"text-right wpb_column vc_column_container vc_col-sm-4\"><div class=\"vc_column-inner\"><div class=\"wpb_wrapper\"  >\t\t\t\n\t<!-- Element: OT Button 2 --> \n\t<a href=\"http:\/\/www.dmd-ms.com\/kontakt\/\" title=\"Kontaktirajte nas\" target=\"_self\" class=\"btn btn-line btn-big mt10\">Kontaktirajte nas<\/a>\t\n<\/div><\/div><\/div><\/div><\/div><\/section>","protected":false},"excerpt":{"rendered":"Ausarbeitung der technischen Dokumentation Im Bereich der technischen Dokumentation bieten wir die Erstellung von technischen Zeichnungen von Einzelteilen bis Baugruppen, die Umwandlung von Skizzen oder Zeichnungen von Papier in elektronischer Form, Zeichnungerstellung nach 3D CAD Modelle. Technische Zeichnungen werden in Standard CAD Formaten erstellt. Erstellung 3D Modellen von Teilen und Baugruppen verschiedener Maschinenprojekte auf Basis [...]","protected":false},"author":2,"featured_media":0,"parent":0,"menu_order":0,"comment_status":"closed","ping_status":"closed","template":"page-templates\/template-fullwidth.php","meta":{"footnotes":""},"class_list":["post-452","page","type-page","status-publish","hentry"],"_links":{"self":[{"href":"http:\/\/www.dmd-ms.com\/yu\/wp-json\/wp\/v2\/pages\/452","targetHints":{"allow":["GET"]}}],"collection":[{"href":"http:\/\/www.dmd-ms.com\/yu\/wp-json\/wp\/v2\/pages"}],"about":[{"href":"http:\/\/www.dmd-ms.com\/yu\/wp-json\/wp\/v2\/types\/page"}],"author":[{"embeddable":true,"href":"http:\/\/www.dmd-ms.com\/yu\/wp-json\/wp\/v2\/users\/2"}],"replies":[{"embeddable":true,"href":"http:\/\/www.dmd-ms.com\/yu\/wp-json\/wp\/v2\/comments?post=452"}],"version-history":[{"count":0,"href":"http:\/\/www.dmd-ms.com\/yu\/wp-json\/wp\/v2\/pages\/452\/revisions"}],"wp:attachment":[{"href":"http:\/\/www.dmd-ms.com\/yu\/wp-json\/wp\/v2\/media?parent=452"}],"curies":[{"name":"wp","href":"https:\/\/api.w.org\/{rel}","templated":true}]}}