{"id":169,"date":"2019-05-02T07:01:39","date_gmt":"2019-05-02T07:01:39","guid":{"rendered":"http:\/\/demo.archiwp.com\/archi-industry\/?page_id=169"},"modified":"2019-10-26T12:19:42","modified_gmt":"2019-10-26T12:19:42","slug":"uber_uns","status":"publish","type":"page","link":"http:\/\/www.dmd-ms.com\/yu\/uber_uns\/","title":{"rendered":"o nama"},"content":{"rendered":"<section class=\"wpb_row vc_row-fluid\"><div class=\"container\"><div class=\"row\"><div class=\"wpb_column vc_column_container vc_col-sm-12\"><div class=\"vc_column-inner\"><div class=\"wpb_wrapper\"  ><div class=\"vc_empty_space\"   style=\"height: 100px\"><span class=\"vc_empty_space_inner\"><\/span><\/div>\n\t<!-- Element: OT Heading --> \t \n\t<h2 class=\"ot_custom_heading\" style=\"text-align: center;\" >Sve je lak\u0161e sa na\u0161im timom<\/h2>\t\n\t<!-- Element: OT Line solid --> \t \n\t<div class=\"separator separator-bold\"><span><i class=\"fa fa-gear\"><\/i><\/span><\/div>\n\t<div class=\"spacer-single\"><\/div>\t      \n<div class=\"vc_empty_space\"   style=\"height: 32px\"><span class=\"vc_empty_space_inner\"><\/span><\/div><\/div><\/div><\/div><\/div><\/div><\/section><section class=\"wpb_row vc_row-fluid text-light vc_custom_1556781030858 vc_row-has-fill\"><div class=\"container\"><div class=\"row\"><div class=\"wpb_column vc_column_container vc_col-sm-1\/5\"><div class=\"vc_column-inner\"><div class=\"wpb_wrapper\"  ><div class=\"vc_row wpb_row vc_inner vc_row-fluid\"><div class=\"wpb_column vc_column_container vc_col-sm-6\"><div class=\"vc_column-inner\"><div class=\"wpb_wrapper\"  >\t<!-- Element: OT Our Facts -->\n\t<div class=\"de_count\">\n                <h3 class=\"timer\" data-to=\"90\" data-speed=\"2500\">0<\/h3>\n        <span>Auto industrija<\/span>\n    <\/div>\n\n<\/div><\/div><\/div><div class=\"wpb_column vc_column_container vc_col-sm-6\"><div class=\"vc_column-inner\"><div class=\"wpb_wrapper\"  >\n\t<div class=\"wpb_text_column wpb_content_element  vc_custom_1571991696315\" >\n\t\t<div class=\"wpb_wrapper\">\n\t\t\t<h1><strong>%<\/strong><\/h1>\n\n\t\t<\/div>\n\t<\/div>\n<\/div><\/div><\/div><\/div><\/div><\/div><\/div><div class=\"wpb_column vc_column_container vc_col-sm-1\/5\"><div class=\"vc_column-inner\"><div class=\"wpb_wrapper\"  ><div class=\"vc_row wpb_row vc_inner vc_row-fluid\"><div class=\"wpb_column vc_column_container vc_col-sm-6\"><div class=\"vc_column-inner\"><div class=\"wpb_wrapper\"  >\t<!-- Element: OT Our Facts -->\n\t<div class=\"de_count\">\n                <h3 class=\"timer\" data-to=\"70\" data-speed=\"2500\">0<\/h3>\n        <span>Prototipi<\/span>\n    <\/div>\n\n<\/div><\/div><\/div><div class=\"wpb_column vc_column_container vc_col-sm-6\"><div class=\"vc_column-inner\"><div class=\"wpb_wrapper\"  >\n\t<div class=\"wpb_text_column wpb_content_element  vc_custom_1571991781457\" >\n\t\t<div class=\"wpb_wrapper\">\n\t\t\t<h1><strong>%<\/strong><\/h1>\n\n\t\t<\/div>\n\t<\/div>\n<\/div><\/div><\/div><\/div><\/div><\/div><\/div><div class=\"wpb_column vc_column_container vc_col-sm-1\/5\"><div class=\"vc_column-inner\"><div class=\"wpb_wrapper\"  ><div class=\"vc_row wpb_row vc_inner vc_row-fluid\"><div class=\"wpb_column vc_column_container vc_col-sm-6\"><div class=\"vc_column-inner\"><div class=\"wpb_wrapper\"  >\t<!-- Element: OT Our Facts -->\n\t<div class=\"de_count\">\n                <h3 class=\"timer\" data-to=\"80\" data-speed=\"2500\">0<\/h3>\n        <span>Tekstilna industrija<\/span>\n    <\/div>\n\n<\/div><\/div><\/div><div class=\"wpb_column vc_column_container vc_col-sm-6\"><div class=\"vc_column-inner\"><div class=\"wpb_wrapper\"  >\n\t<div class=\"wpb_text_column wpb_content_element  vc_custom_1571991867224\" >\n\t\t<div class=\"wpb_wrapper\">\n\t\t\t<h1><strong>%<\/strong><\/h1>\n\n\t\t<\/div>\n\t<\/div>\n<\/div><\/div><\/div><\/div><\/div><\/div><\/div><div class=\"wpb_column vc_column_container vc_col-sm-1\/5\"><div class=\"vc_column-inner\"><div class=\"wpb_wrapper\"  ><div class=\"vc_row wpb_row vc_inner vc_row-fluid\"><div class=\"wpb_column vc_column_container vc_col-sm-6\"><div class=\"vc_column-inner\"><div class=\"wpb_wrapper\"  >\t<!-- Element: OT Our Facts -->\n\t<div class=\"de_count\">\n                <h3 class=\"timer\" data-to=\"95\" data-speed=\"2500\">0<\/h3>\n        <span>Ma\u0161ine za pakovanje<\/span>\n    <\/div>\n\n<\/div><\/div><\/div><div class=\"wpb_column vc_column_container vc_col-sm-6\"><div class=\"vc_column-inner\"><div class=\"wpb_wrapper\"  >\n\t<div class=\"wpb_text_column wpb_content_element  vc_custom_1571991917798\" >\n\t\t<div class=\"wpb_wrapper\">\n\t\t\t<h1><strong>%<\/strong><\/h1>\n\n\t\t<\/div>\n\t<\/div>\n<\/div><\/div><\/div><\/div><\/div><\/div><\/div><div class=\"wpb_column vc_column_container vc_col-sm-1\/5\"><div class=\"vc_column-inner\"><div class=\"wpb_wrapper\"  ><div class=\"vc_row wpb_row vc_inner vc_row-fluid\"><div class=\"wpb_column vc_column_container vc_col-sm-6\"><div class=\"vc_column-inner\"><div class=\"wpb_wrapper\"  >\t<!-- Element: OT Our Facts -->\n\t<div class=\"de_count\">\n                <h3 class=\"timer\" data-to=\"95\" data-speed=\"2500\">0<\/h3>\n        <span>Ma\u0161ine za op\u0161tu gradnju<\/span>\n    <\/div>\n\n<\/div><\/div><\/div><div class=\"wpb_column vc_column_container vc_col-sm-6\"><div class=\"vc_column-inner\"><div class=\"wpb_wrapper\"  >\n\t<div class=\"wpb_text_column wpb_content_element  vc_custom_1571991984296\" >\n\t\t<div class=\"wpb_wrapper\">\n\t\t\t<h1><strong>%<\/strong><\/h1>\n\n\t\t<\/div>\n\t<\/div>\n<\/div><\/div><\/div><\/div><\/div><\/div><\/div><\/div><\/div><\/section><section class=\"wpb_row vc_row-fluid side-bg\"><div class=\"image-container hidden-xs col-md-4 col-md-offset-8 pull-left\"><div class=\"background-image\" style=\"background-image: url(http:\/\/www.dmd-ms.com\/wp-content\/uploads\/2019\/10\/0.jpg);\"><\/div><\/div><img decoding=\"async\" class=\"visible-xs img-responsive\" src=\"http:\/\/www.dmd-ms.com\/wp-content\/uploads\/2019\/10\/0.jpg\"\/><div class=\"container\"><div class=\"row\"><div class=\"inner-padding clearfix\"><div class=\"wpb_column vc_column_container vc_col-sm-12 vc_col-lg-offset-5 vc_col-lg-7 vc_col-md-offset-5 vc_col-md-7\"><div class=\"vc_column-inner\"><div class=\"wpb_wrapper\"  >\n\t<div class=\"wpb_text_column wpb_content_element\" >\n\t\t<div class=\"wpb_wrapper\">\n\t\t\t<p>DMD Machining Solutions osnovan je 2017. godine u Gradi\u0161ci. Od tada smo Va\u0161 pouzdan partner za visoko precizni in\u017einjering. Na\u0161a osnovna karakteristika je da se stalno prilago\u0111avamo novim zahtjevima tr\u017ei\u0161ta kako bismo pru\u017eili najbolja moguc\u0301a rje\u0161enja. DMD Machining Solutions se zala\u017ee za najvi\u0161e standarde kvaliteta, vremena isporuke i pridaje veliki zna\u010daj individualnoj saradnji. Pru\u017eamo pojedina\u010dnu i serijsku proizvodnju. Na\u0161e osnovne kompetencije su u oblasti glodanja, struganja, CAM - programiranja, konstruisanja kao i izrade tehni\u010dke dokumentacije.<\/p>\n\n\t\t<\/div>\n\t<\/div>\n<\/div><\/div><\/div><\/div><\/div><\/div><\/section>","protected":false},"excerpt":{"rendered":"Mit unserem Team wird es immer einfacher 0 Automotive % 0 Prototyping % 0 Textilindustrie % 0 Verpackungsmaschinen % 0 Allgemeine Maschinenbau % DMD Machining Solutions wurde 2017 in Gradiska gregr\u00fcndet. Ab dann sind wir Ihr zuverl\u00e4ssiger Partner f\u00fcr Hochpr\u00e4zisionstechnik. Unser Grundmerkmal ist, dass wir uns st\u00e4ndig an neue Marktanforderungen anpassen und so das beste [...]","protected":false},"author":2,"featured_media":0,"parent":0,"menu_order":0,"comment_status":"closed","ping_status":"closed","template":"page-templates\/template-fullwidth.php","meta":{"footnotes":""},"class_list":["post-169","page","type-page","status-publish","hentry"],"_links":{"self":[{"href":"http:\/\/www.dmd-ms.com\/yu\/wp-json\/wp\/v2\/pages\/169","targetHints":{"allow":["GET"]}}],"collection":[{"href":"http:\/\/www.dmd-ms.com\/yu\/wp-json\/wp\/v2\/pages"}],"about":[{"href":"http:\/\/www.dmd-ms.com\/yu\/wp-json\/wp\/v2\/types\/page"}],"author":[{"embeddable":true,"href":"http:\/\/www.dmd-ms.com\/yu\/wp-json\/wp\/v2\/users\/2"}],"replies":[{"embeddable":true,"href":"http:\/\/www.dmd-ms.com\/yu\/wp-json\/wp\/v2\/comments?post=169"}],"version-history":[{"count":0,"href":"http:\/\/www.dmd-ms.com\/yu\/wp-json\/wp\/v2\/pages\/169\/revisions"}],"wp:attachment":[{"href":"http:\/\/www.dmd-ms.com\/yu\/wp-json\/wp\/v2\/media?parent=169"}],"curies":[{"name":"wp","href":"https:\/\/api.w.org\/{rel}","templated":true}]}}