{"id":456,"date":"2019-10-26T12:37:58","date_gmt":"2019-10-26T12:37:58","guid":{"rendered":"http:\/\/www.dmd-ms.com\/?page_id=456"},"modified":"2019-10-31T22:00:29","modified_gmt":"2019-10-31T22:00:29","slug":"schweisen","status":"publish","type":"page","link":"http:\/\/www.dmd-ms.com\/de\/schweisen\/","title":{"rendered":"Schwei\u00dfen"},"content":{"rendered":"<section class=\"wpb_row vc_row-fluid\"><div class=\"container\"><div class=\"row\"><div class=\"wpb_column vc_column_container vc_col-sm-12\"><div class=\"vc_column-inner\"><div class=\"wpb_wrapper \"  ><div class=\"vc_empty_space\"   style=\"height: 100px\"><span class=\"vc_empty_space_inner\"><\/span><\/div>\n\t<!-- Element: OT Heading --> \t \n\t<h2 class=\"ot_custom_heading  \" style=\"text-align: center;\" >Schwei\u00dfen<\/h2>\t\n\t<!-- Element: OT Line solid --> \t \n\t<div class=\" separator separator-bold\"><span><i class=\"fa fa-gear\"><\/i><\/span><\/div>\n\t<div class=\"spacer-single\"><\/div>\t      \n<\/div><\/div><\/div><\/div><\/div><\/section><section class=\"wpb_row vc_row-fluid vc_custom_1556006288868\"><div class=\"container\"><div class=\"row\"><div class=\"wpb_column vc_column_container vc_col-sm-4\"><div class=\"vc_column-inner\"><div class=\"wpb_wrapper \"  >\n\t<div  class=\"wpb_single_image wpb_content_element vc_align_left  vc_custom_1572094056749\">\n\t\t\n\t\t<figure class=\"wpb_wrapper vc_figure\">\n\t\t\t<div class=\"vc_single_image-wrapper   vc_box_border_grey\"><img loading=\"lazy\" decoding=\"async\" width=\"300\" height=\"225\" src=\"http:\/\/www.dmd-ms.com\/wp-content\/uploads\/2019\/10\/0-7.jpg\" class=\"vc_single_image-img attachment-full\" alt=\"\" title=\"\" \/><\/div>\n\t\t<\/figure>\n\t<\/div>\n<div class=\"vc_empty_space\"   style=\"height: 32px\"><span class=\"vc_empty_space_inner\"><\/span><\/div><\/div><\/div><\/div><div class=\"wpb_column vc_column_container vc_col-sm-4\"><div class=\"vc_column-inner\"><div class=\"wpb_wrapper \"  >\n\t<div  class=\"wpb_single_image wpb_content_element vc_align_left  vc_custom_1572094066606\">\n\t\t\n\t\t<figure class=\"wpb_wrapper vc_figure\">\n\t\t\t<div class=\"vc_single_image-wrapper   vc_box_border_grey\"><img loading=\"lazy\" decoding=\"async\" width=\"300\" height=\"225\" src=\"http:\/\/www.dmd-ms.com\/wp-content\/uploads\/2019\/10\/2-1.jpg\" class=\"vc_single_image-img attachment-full\" alt=\"\" title=\"\" \/><\/div>\n\t\t<\/figure>\n\t<\/div>\n<div class=\"vc_empty_space\"   style=\"height: 32px\"><span class=\"vc_empty_space_inner\"><\/span><\/div><\/div><\/div><\/div><div class=\"wpb_column vc_column_container vc_col-sm-4\"><div class=\"vc_column-inner\"><div class=\"wpb_wrapper \"  >\n\t<div  class=\"wpb_single_image wpb_content_element vc_align_left  vc_custom_1572094078528\">\n\t\t\n\t\t<figure class=\"wpb_wrapper vc_figure\">\n\t\t\t<div class=\"vc_single_image-wrapper   vc_box_border_grey\"><img loading=\"lazy\" decoding=\"async\" width=\"300\" height=\"225\" src=\"http:\/\/www.dmd-ms.com\/wp-content\/uploads\/2019\/10\/1-1.jpg\" class=\"vc_single_image-img attachment-full\" alt=\"\" title=\"\" \/><\/div>\n\t\t<\/figure>\n\t<\/div>\n<div class=\"vc_empty_space\"   style=\"height: 32px\"><span class=\"vc_empty_space_inner\"><\/span><\/div><\/div><\/div><\/div><\/div><\/div><\/section><section class=\"wpb_row vc_row-fluid side-bg\"><div class=\"image-container hidden-xs \"><div class=\"background-image\" style=\"background-image: url();\"><\/div><\/div><img decoding=\"async\" class=\"visible-xs img-responsive\" src=\"\"\/><div class=\"container\"><div class=\"row\"><div class=\"inner-padding clearfix\"><div class=\"wpb_column vc_column_container vc_col-sm-6\"><div class=\"vc_column-inner\"><div class=\"wpb_wrapper \"  >\n\t<div class=\"wpb_text_column wpb_content_element \" >\n\t\t<div class=\"wpb_wrapper\">\n\t\t\t<p>DMD Machining Solutions bietet Ihnen hochqualifiziertes Personal und moderne Schwei\u00dfger\u00e4te f\u00fcr die folgende Schwei\u00dfprozesse:<\/p>\n\n\t\t<\/div>\n\t<\/div>\n<\/div><\/div><\/div><div class=\"wpb_column vc_column_container vc_col-sm-6\"><div class=\"vc_column-inner\"><div class=\"wpb_wrapper \"  >\n\t<div  class=\"wpb_single_image wpb_content_element vc_align_left\">\n\t\t\n\t\t<figure class=\"wpb_wrapper vc_figure\">\n\t\t\t<div class=\"vc_single_image-wrapper   vc_box_border_grey\"><img loading=\"lazy\" decoding=\"async\" class=\"vc_single_image-img \" src=\"http:\/\/www.dmd-ms.com\/wp-content\/uploads\/2019\/10\/3-3-500x295.jpg\" width=\"500\" height=\"295\" alt=\"\" title=\"\" \/><\/div>\n\t\t<\/figure>\n\t<\/div>\n<\/div><\/div><\/div><\/div><\/div><\/div><\/section><section class=\"wpb_row vc_row-fluid\"><div class=\"container\"><div class=\"row\"><div class=\"wpb_column vc_column_container vc_col-sm-12\"><div class=\"vc_column-inner\"><div class=\"wpb_wrapper \"  ><div class=\"vc_empty_space\"   style=\"height: 32px\"><span class=\"vc_empty_space_inner\"><\/span><\/div><\/div><\/div><\/div><\/div><\/div><\/section><section class=\"wpb_row vc_row-fluid call-to-action bg-color text-light vc_custom_1557733260198\"><div class=\"container\"><div class=\"row\"><div class=\"wpb_column vc_column_container vc_col-sm-8\"><div class=\"vc_column-inner\"><div class=\"wpb_wrapper \"  >\n\t<!-- Element: OT Heading --> \t \n\t<h3 class=\"ot_custom_heading mt20 \" style=\"\" >HABEN WIR IHRE INTERESSE GEWECKT?<\/h3>\t\n<\/div><\/div><\/div><div class=\"text-right wpb_column vc_column_container vc_col-sm-4\"><div class=\"vc_column-inner\"><div class=\"wpb_wrapper \"  >\t\t\t\n\t<!-- Element: OT Button 2 --> \n\t<a href=\"http:\/\/www.dmd-ms.com\/kontakt\/\" title=\"JETZT ANFRAGEN\" target=\"_self\" class=\"btn btn-line btn-big mt10\">JETZT ANFRAGEN<\/a>\t\n<\/div><\/div><\/div><\/div><\/div><\/section>\n","protected":false},"excerpt":{"rendered":"Schwei\u00dfen DMD Machining Solutions bietet Ihnen hochqualifiziertes Personal und moderne Schwei\u00dfger\u00e4te f\u00fcr die folgende Schwei\u00dfprozesse: HABEN WIR IHRE INTERESSE GEWECKT? JETZT ANFRAGEN","protected":false},"author":2,"featured_media":0,"parent":0,"menu_order":0,"comment_status":"closed","ping_status":"closed","template":"page-templates\/template-fullwidth.php","meta":{"footnotes":""},"class_list":["post-456","page","type-page","status-publish","hentry"],"_links":{"self":[{"href":"http:\/\/www.dmd-ms.com\/de\/wp-json\/wp\/v2\/pages\/456","targetHints":{"allow":["GET"]}}],"collection":[{"href":"http:\/\/www.dmd-ms.com\/de\/wp-json\/wp\/v2\/pages"}],"about":[{"href":"http:\/\/www.dmd-ms.com\/de\/wp-json\/wp\/v2\/types\/page"}],"author":[{"embeddable":true,"href":"http:\/\/www.dmd-ms.com\/de\/wp-json\/wp\/v2\/users\/2"}],"replies":[{"embeddable":true,"href":"http:\/\/www.dmd-ms.com\/de\/wp-json\/wp\/v2\/comments?post=456"}],"version-history":[{"count":5,"href":"http:\/\/www.dmd-ms.com\/de\/wp-json\/wp\/v2\/pages\/456\/revisions"}],"predecessor-version":[{"id":496,"href":"http:\/\/www.dmd-ms.com\/de\/wp-json\/wp\/v2\/pages\/456\/revisions\/496"}],"wp:attachment":[{"href":"http:\/\/www.dmd-ms.com\/de\/wp-json\/wp\/v2\/media?parent=456"}],"curies":[{"name":"wp","href":"https:\/\/api.w.org\/{rel}","templated":true}]}}