{"id":454,"date":"2019-10-26T12:35:03","date_gmt":"2019-10-26T12:35:03","guid":{"rendered":"http:\/\/www.dmd-ms.com\/?page_id=454"},"modified":"2019-11-18T21:52:11","modified_gmt":"2019-11-18T21:52:11","slug":"konstruktion","status":"publish","type":"page","link":"http:\/\/www.dmd-ms.com\/de\/konstruktion\/","title":{"rendered":"Konstruktion"},"content":{"rendered":"<section class=\"wpb_row vc_row-fluid\"><div class=\"container\"><div class=\"row\"><div class=\"wpb_column vc_column_container vc_col-sm-12\"><div class=\"vc_column-inner\"><div class=\"wpb_wrapper \"  ><div class=\"vc_empty_space\"   style=\"height: 100px\"><span class=\"vc_empty_space_inner\"><\/span><\/div>\n\t<!-- Element: OT Heading --> \t \n\t<h2 class=\"ot_custom_heading  \" style=\"text-align: center;\" >Konstruktion<\/h2>\t\n\t<!-- Element: OT Line solid --> \t \n\t<div class=\" separator separator-bold\"><span><i class=\"fa fa-gear\"><\/i><\/span><\/div>\n\t<div class=\"spacer-single\"><\/div>\t      \n<\/div><\/div><\/div><\/div><\/div><\/section><section class=\"wpb_row vc_row-fluid vc_custom_1556006288868\"><div class=\"container\"><div class=\"row\"><div class=\"wpb_column vc_column_container vc_col-sm-4\"><div class=\"vc_column-inner\"><div class=\"wpb_wrapper \"  >\n\t<div  class=\"wpb_single_image wpb_content_element vc_align_left  vc_custom_1572564884131\">\n\t\t\n\t\t<figure class=\"wpb_wrapper vc_figure\">\n\t\t\t<div class=\"vc_single_image-wrapper   vc_box_border_grey\"><img loading=\"lazy\" decoding=\"async\" width=\"300\" height=\"225\" src=\"http:\/\/www.dmd-ms.com\/wp-content\/uploads\/2019\/10\/0-9-1.jpg\" class=\"vc_single_image-img attachment-full\" alt=\"\" title=\"\" \/><\/div>\n\t\t<\/figure>\n\t<\/div>\n<div class=\"vc_empty_space\"   style=\"height: 32px\"><span class=\"vc_empty_space_inner\"><\/span><\/div><\/div><\/div><\/div><div class=\"wpb_column vc_column_container vc_col-sm-4\"><div class=\"vc_column-inner\"><div class=\"wpb_wrapper \"  >\n\t<div  class=\"wpb_single_image wpb_content_element vc_align_left  vc_custom_1572093786616\">\n\t\t\n\t\t<figure class=\"wpb_wrapper vc_figure\">\n\t\t\t<div class=\"vc_single_image-wrapper   vc_box_border_grey\"><img loading=\"lazy\" decoding=\"async\" width=\"300\" height=\"225\" src=\"http:\/\/www.dmd-ms.com\/wp-content\/uploads\/2019\/10\/2-1-1.jpg\" class=\"vc_single_image-img attachment-full\" alt=\"\" title=\"\" \/><\/div>\n\t\t<\/figure>\n\t<\/div>\n<div class=\"vc_empty_space\"   style=\"height: 32px\"><span class=\"vc_empty_space_inner\"><\/span><\/div><\/div><\/div><\/div><div class=\"wpb_column vc_column_container vc_col-sm-4\"><div class=\"vc_column-inner\"><div class=\"wpb_wrapper \"  >\n\t<div  class=\"wpb_single_image wpb_content_element vc_align_left  vc_custom_1572093725329\">\n\t\t\n\t\t<figure class=\"wpb_wrapper vc_figure\">\n\t\t\t<div class=\"vc_single_image-wrapper   vc_box_border_grey\"><img loading=\"lazy\" decoding=\"async\" width=\"300\" height=\"225\" src=\"http:\/\/www.dmd-ms.com\/wp-content\/uploads\/2019\/10\/1-1-1.jpg\" class=\"vc_single_image-img attachment-full\" alt=\"\" title=\"\" \/><\/div>\n\t\t<\/figure>\n\t<\/div>\n<div class=\"vc_empty_space\"   style=\"height: 32px\"><span class=\"vc_empty_space_inner\"><\/span><\/div><\/div><\/div><\/div><\/div><\/div><\/section><section class=\"wpb_row vc_row-fluid side-bg\"><div class=\"image-container hidden-xs \"><div class=\"background-image\" style=\"background-image: url();\"><\/div><\/div><img decoding=\"async\" class=\"visible-xs img-responsive\" src=\"\"\/><div class=\"container\"><div class=\"row\"><div class=\"inner-padding clearfix\"><div class=\"wpb_column vc_column_container vc_col-sm-6\"><div class=\"vc_column-inner\"><div class=\"wpb_wrapper \"  >\n\t<div class=\"wpb_text_column wpb_content_element \" >\n\t\t<div class=\"wpb_wrapper\">\n\t\t\t<p align=\"justify\">Wir erbringen Leistungen nach Ihren W\u00fcnschen! M\u00f6chten Sie, dass Ihre Idee oder Skizze eine fertige Komponente oder ein vollst\u00e4ndiges Set ist? Wir freuen uns, f\u00fcr Sie Konstruktion sowie Prototypen und Serienfertigung fertig zu machen. Wir verwenden moderne CAD Tools und verfolgen einen methodischen Ansatz beim Konstruieren. DMD Machining Solutions entwirft und entwickelt alle Arten von Spritzgusswerkzeugen. Wir sind hier, um die Probleme komplexer Projekte mit der neuesten 3D CAD Software zu losen.<\/p>\n\n\t\t<\/div>\n\t<\/div>\n<\/div><\/div><\/div><div class=\"wpb_column vc_column_container vc_col-sm-6\"><div class=\"vc_column-inner\"><div class=\"wpb_wrapper \"  >\n\t<div  class=\"wpb_single_image wpb_content_element vc_align_left\">\n\t\t\n\t\t<figure class=\"wpb_wrapper vc_figure\">\n\t\t\t<div class=\"vc_single_image-wrapper   vc_box_border_grey\"><img loading=\"lazy\" decoding=\"async\" class=\"vc_single_image-img \" src=\"http:\/\/www.dmd-ms.com\/wp-content\/uploads\/2019\/10\/0-8-500x295.jpg\" width=\"500\" height=\"295\" alt=\"\" title=\"\" \/><\/div>\n\t\t<\/figure>\n\t<\/div>\n<\/div><\/div><\/div><\/div><\/div><\/div><\/section><section class=\"wpb_row vc_row-fluid\"><div class=\"container\"><div class=\"row\"><div class=\"wpb_column vc_column_container vc_col-sm-12\"><div class=\"vc_column-inner\"><div class=\"wpb_wrapper \"  ><div class=\"vc_empty_space\"   style=\"height: 32px\"><span class=\"vc_empty_space_inner\"><\/span><\/div><\/div><\/div><\/div><\/div><\/div><\/section><section class=\"wpb_row vc_row-fluid call-to-action bg-color text-light vc_custom_1557733260198\"><div class=\"container\"><div class=\"row\"><div class=\"wpb_column vc_column_container vc_col-sm-8\"><div class=\"vc_column-inner\"><div class=\"wpb_wrapper \"  >\n\t<!-- Element: OT Heading --> \t \n\t<h3 class=\"ot_custom_heading mt20 \" style=\"\" >HABEN WIR IHRE INTERESSE GEWECKT?<\/h3>\t\n<\/div><\/div><\/div><div class=\"text-right wpb_column vc_column_container vc_col-sm-4\"><div class=\"vc_column-inner\"><div class=\"wpb_wrapper \"  >\t\t\t\n\t<!-- Element: OT Button 2 --> \n\t<a href=\"http:\/\/www.dmd-ms.com\/kontakt\/\" title=\"JETZT ANFRAGEN\" target=\"_self\" class=\"btn btn-line btn-big mt10\">JETZT ANFRAGEN<\/a>\t\n<\/div><\/div><\/div><\/div><\/div><\/section>\n","protected":false},"excerpt":{"rendered":"Konstruktion Wir erbringen Leistungen nach Ihren W\u00fcnschen! M\u00f6chten Sie, dass Ihre Idee oder Skizze eine fertige Komponente oder ein vollst\u00e4ndiges Set ist? Wir freuen uns, f\u00fcr Sie Konstruktion sowie Prototypen und Serienfertigung fertig zu machen. Wir verwenden moderne CAD Tools und verfolgen einen methodischen Ansatz beim Konstruieren. DMD Machining Solutions entwirft und entwickelt alle Arten [...]","protected":false},"author":2,"featured_media":0,"parent":0,"menu_order":0,"comment_status":"closed","ping_status":"closed","template":"page-templates\/template-fullwidth.php","meta":{"footnotes":""},"class_list":["post-454","page","type-page","status-publish","hentry"],"_links":{"self":[{"href":"http:\/\/www.dmd-ms.com\/de\/wp-json\/wp\/v2\/pages\/454","targetHints":{"allow":["GET"]}}],"collection":[{"href":"http:\/\/www.dmd-ms.com\/de\/wp-json\/wp\/v2\/pages"}],"about":[{"href":"http:\/\/www.dmd-ms.com\/de\/wp-json\/wp\/v2\/types\/page"}],"author":[{"embeddable":true,"href":"http:\/\/www.dmd-ms.com\/de\/wp-json\/wp\/v2\/users\/2"}],"replies":[{"embeddable":true,"href":"http:\/\/www.dmd-ms.com\/de\/wp-json\/wp\/v2\/comments?post=454"}],"version-history":[{"count":9,"href":"http:\/\/www.dmd-ms.com\/de\/wp-json\/wp\/v2\/pages\/454\/revisions"}],"predecessor-version":[{"id":534,"href":"http:\/\/www.dmd-ms.com\/de\/wp-json\/wp\/v2\/pages\/454\/revisions\/534"}],"wp:attachment":[{"href":"http:\/\/www.dmd-ms.com\/de\/wp-json\/wp\/v2\/media?parent=454"}],"curies":[{"name":"wp","href":"https:\/\/api.w.org\/{rel}","templated":true}]}}